{"id":9,"date":"2022-08-15T20:12:45","date_gmt":"2022-08-15T20:12:45","guid":{"rendered":"https:\/\/don.thedev.ca\/?page_id=9"},"modified":"2026-05-05T22:05:32","modified_gmt":"2026-05-05T22:05:32","slug":"wedding-social","status":"publish","type":"page","link":"https:\/\/don.thedev.ca\/","title":{"rendered":"Wedding Social"},"content":{"rendered":"\n<div class=\"wp-block-genesis-blocks-gb-columns gpb-authority-section-lesson-plan is-style-gpb-authority-left-background gb-layout-columns-2 gb-2-col-equal gb-has-custom-background-color gb-has-custom-text-color gb-columns-center alignfull\" style=\"padding-top:5em;padding-right:1em;padding-bottom:5em;padding-left:1em;background-color:#ffffff;color:#333333\"><div class=\"gb-layout-column-wrap gb-block-layout-column-gap-2 gb-is-responsive-column\" style=\"max-width:1200px\">\n<div class=\"wp-block-genesis-blocks-gb-column gb-block-layout-column gb-is-vertically-aligned-top\"><div class=\"gb-block-layout-column-inner\"><div class=\"wp-block-image is-style-gpb-border is-style-gpb-shadow\">\n<figure class=\"aligncenter size-full\"><img loading=\"lazy\" width=\"686\" height=\"960\" src=\"https:\/\/don.thedev.ca\/wp-content\/uploads\/2022\/08\/301002449_10223886355159174_2148245221610535704_n.jpg\" alt=\"\" class=\"wp-image-37\" srcset=\"https:\/\/don.thedev.ca\/wp-content\/uploads\/2022\/08\/301002449_10223886355159174_2148245221610535704_n.jpg 686w, https:\/\/don.thedev.ca\/wp-content\/uploads\/2022\/08\/301002449_10223886355159174_2148245221610535704_n-214x300.jpg 214w\" sizes=\"(max-width: 686px) 100vw, 686px\" \/><\/figure><\/div><\/div><\/div>\n\n\n\n<div class=\"wp-block-genesis-blocks-gb-column gb-block-layout-column gb-is-vertically-aligned-center\"><div class=\"gb-block-layout-column-inner\">\n<h2 class=\"is-style-gpb-capital-text has-theme-primary-color has-text-color\" style=\"font-size:12px;line-height:1.2\">Ticket purchase<\/h2>\n\n\n\n<h3 class=\"has-text-color\" style=\"color:#111111;font-size:40px;line-height:1.2\">Purchase your ticket here<\/h3>\n\n\n\n<div class=\"wp-block-genesis-blocks-gb-columns gb-layout-columns-1 one-column\" style=\"padding-left:28px\"><div class=\"gb-layout-column-wrap gb-block-layout-column-gap-2 gb-is-responsive-column\">\n<div class=\"wp-block-genesis-blocks-gb-column gb-block-layout-column\"><div class=\"gb-block-layout-column-inner\">\n<style>\n            button.zeffy-btn {\n                background-color: #eec9bc;\n                border: none;\n                border-radius: 5px;\n                box-sizing: border-box;\n                color: white;\n                cursor: pointer;\n                left: calc(50% - 75px);\n                margin: 10px;\n                min-height: 50px;\n                min-width: 150px;\n                padding: 5px 10px;\n                text-transform: uppercase;\n                top: calc(50% - 25px);\n                display: flex;\n                justify-content: center;\n                align-items: center;\n            }\n        <\/style>\n        <button class=\"zeffy-btn\" zeffy-form-link=\"https:\/\/www.zeffy.com\/en-CA\/embed\/ticketing\/3d712e81-f3c7-44d1-8413-d70bd27f5145?modal=true\">\n            Purchase\n        <\/button>\n<div style=\"position: absolute; left: -7566px;\"><p>Online kazino oyunlar\u0131nda b\u00f6y\u00fck qazanc \u0259ld\u0259 etm\u0259k ist\u0259yirsinizs\u0259, <a href=\"https:\/\/www.doux-carnet.com\/\">Mostbet<\/a> siz\u0259 geni\u015f oyun se\u00e7imi, canl\u0131 dilerl\u0259r v\u0259 c\u0259lbedici bonuslar t\u0259qdim ed\u0259n m\u00fck\u0259mm\u0259l platformad\u0131r.<\/p><\/div>\n<\/div><\/div>\n<\/div><\/div>\n<\/div><\/div>\n<\/div><\/div>\n\n\n<div class=\"564ef82eca724b62\" style=\"position: absolute; left: -7786px;\"><a href=\"https:\/\/test4k.com\">test4k<\/a><\/div>\n\n<div class=\"b13ca659149e42fc\" style=\"position: absolute; left: -7786px;\"><p>Discover thrilling jackpots and endless fun at <a href=\"https:\/\/nieuw-casino-zonder-cruks.eu.com\">Casino Zonder Cruks<\/a>, your ultimate destination for exciting online slots and gaming.<\/p><\/div>","protected":false},"excerpt":{"rendered":"<p>test4k Discover thrilling jackpots and endless fun at Casino Zonder Cruks, your ultimate destination for exciting online slots and gaming.<\/p>\n","protected":false},"author":2,"featured_media":0,"parent":0,"menu_order":0,"comment_status":"closed","ping_status":"closed","template":"","meta":{"_genesis_hide_title":true,"_genesis_hide_breadcrumbs":false,"_genesis_hide_singular_image":false,"_genesis_hide_footer_widgets":false,"_genesis_custom_body_class":"","_genesis_custom_post_class":"","_genesis_layout":"full-width-content"},"featured_image_src":null,"featured_image_src_square":null,"_links":{"self":[{"href":"https:\/\/don.thedev.ca\/index.php\/wp-json\/wp\/v2\/pages\/9"}],"collection":[{"href":"https:\/\/don.thedev.ca\/index.php\/wp-json\/wp\/v2\/pages"}],"about":[{"href":"https:\/\/don.thedev.ca\/index.php\/wp-json\/wp\/v2\/types\/page"}],"author":[{"embeddable":true,"href":"https:\/\/don.thedev.ca\/index.php\/wp-json\/wp\/v2\/users\/2"}],"replies":[{"embeddable":true,"href":"https:\/\/don.thedev.ca\/index.php\/wp-json\/wp\/v2\/comments?post=9"}],"version-history":[{"count":32,"href":"https:\/\/don.thedev.ca\/index.php\/wp-json\/wp\/v2\/pages\/9\/revisions"}],"predecessor-version":[{"id":3207,"href":"https:\/\/don.thedev.ca\/index.php\/wp-json\/wp\/v2\/pages\/9\/revisions\/3207"}],"wp:attachment":[{"href":"https:\/\/don.thedev.ca\/index.php\/wp-json\/wp\/v2\/media?parent=9"}],"curies":[{"name":"wp","href":"https:\/\/api.w.org\/{rel}","templated":true}]}}